{"id":2991,"date":"2024-03-09T10:18:48","date_gmt":"2024-03-09T09:18:48","guid":{"rendered":"https:\/\/www.smedemokrati.sk\/?page_id=2991"},"modified":"2024-04-23T10:12:43","modified_gmt":"2024-04-23T09:12:43","slug":"kandidati-do-europskeho-parlamentu","status":"publish","type":"page","link":"https:\/\/www.smedemokrati.sk\/hu\/kandidati-do-europskeho-parlamentu\/","title":{"rendered":"Kandid\u00e1ti do Eur\u00f3pskeho parlamentu"},"content":{"rendered":"<div id=\"fb-root\"><\/div>\n\r\n\t<style type=\"text\/css\">\r\n\t\t .team-manager-free-main-area-2990 { text-align:center; display: block; overflow: hidden; } .team-manager-free-main-area-2990 .team-manager-free-container{ display: -webkit-box; display: -ms-flexbox; display: flex; -ms-flex-wrap: wrap; flex-wrap: wrap; } .team-manager-free-main-area-2990 .team-manager-free-items-thumbnail{ position: relative; border-radius: 100px; width: 200px; height: 200px; overflow: hidden; margin: 0 auto; } .team-manager-free-main-area-2990 .team-manager-free-items-thumbnail img{ width: 100%; height: 100%; object-fit: cover; transition: all 0.3s ease-in-out; } \/* Zoom In *\/ .team-manager-free-main-area-2990 .team-manager-free-items .pic-bottom{ border-radius: 100px; box-shadow: none; outline: medium none; position: absolute; left: 0; right: 0; top: 0; transition: all 0.3s ease 0s; height: 200px; width: 200px; } .team-manager-free-main-area-2990 .team-manager-free-items .pic-bottom:after{ content: \"\\f002\"; font-family: \"FontAwesome\"; position: relative; top:45%; left:0; opacity: 0; color:#fff; font-size: 35px; transition:all 0.3s ease 0s; } .team-manager-free-main-area-2990 .team-manager-free-items:hover .pic-bottom{ background: #81e2de; opacity: 0.9; } .team-manager-free-main-area-2990 .team-manager-free-items:hover .pic-bottom:after{ opacity: 1; top:35%; } .team-manager-free-main-area-2990 .team-manager-free-items-title a, .team-manager-free-main-area-2990 .team-manager-free-items .team-manager-free-items-title{ color: #50158e; font-size: 20px; font-style: pro; text-transform: unset; font-weight: 600; line-height: 1.2; margin-bottom: 5px; margin-top: 15px; outline: medium none; text-decoration: none; transition: all 0.3s ease 0s; } .team-manager-free-main-area-2990 .team-manager-free-items-title a:hover{ color:#333333; text-decoration: none; } .team-manager-free-main-area-2990 .team-manager-free-items-designation{ display: block; margin-bottom: 10px; color:#333333; font-size:15px; font-style: ; text-transform: unset; } .team-manager-free-main-area-2990 .team-manager-free-items-social{ list-style: none; padding: 0; margin: 0; } .team-manager-free-main-area-2990 .team-manager-free-items-social li{ display: inline-block; margin: 5px 0px 0px 0px; } .team-manager-free-main-area-2990 .team-manager-free-items-social li a{ display: flex; -webkit-box-align: center; -ms-flex-align: center; align-items: center; justify-content: center; background: FFFFFF; color: 000000; border-radius: 50px; width: 30px; height: 30px; box-shadow: none; outline: medium none; text-decoration: none; transition: all 0.3s ease 0s; border:none; } .team-manager-free-main-area-2990 .team-manager-free-items-social li a:hover{ color:DD3333; background:; } .team-manager-free-main-area-2990 .teamshowcasefree-col-lg-1, .team-manager-free-main-area-2990 .teamshowcasefree-col-lg-2, .team-manager-free-main-area-2990 .teamshowcasefree-col-lg-3, .team-manager-free-main-area-2990 .teamshowcasefree-col-lg-4, .team-manager-free-main-area-2990 .teamshowcasefree-col-lg-5, .team-manager-free-main-area-2990 .teamshowcasefree-col-lg-6, .team-manager-free-main-area-2990 .teamshowcasefree-col-md-1, .team-manager-free-main-area-2990 .teamshowcasefree-col-md-2, .team-manager-free-main-area-2990 .teamshowcasefree-col-md-3, .team-manager-free-main-area-2990 .teamshowcasefree-col-md-4, .team-manager-free-main-area-2990 .teamshowcasefree-col-md-5, .team-manager-free-main-area-2990 .teamshowcasefree-col-md-6, .team-manager-free-main-area-2990 .teamshowcasefree-col-sm-1, .team-manager-free-main-area-2990 .teamshowcasefree-col-sm-2, .team-manager-free-main-area-2990 .teamshowcasefree-col-sm-3, .team-manager-free-main-area-2990 .teamshowcasefree-col-sm-4, .team-manager-free-main-area-2990 .teamshowcasefree-col-sm-5, .team-manager-free-main-area-2990 .teamshowcasefree-col-sm-6, .team-manager-free-main-area-2990 .teamshowcasefree-col-xs-1, .team-manager-free-main-area-2990 .teamshowcasefree-col-xs-2, .team-manager-free-main-area-2990 .teamshowcasefree-col-xs-3, .team-manager-free-main-area-2990 .teamshowcasefree-col-xs-4, .team-manager-free-main-area-2990 .teamshowcasefree-col-xs-5, .team-manager-free-main-area-2990 .teamshowcasefree-col-xs-6 { float: left; margin-bottom: 30px !important; min-height: 1px; padding-left: px !important; padding-right: px !important; position: relative; } \t<\/style>\r\n\r\n\t<div class=\"team-manager-free-main-area-2990\">\r\n\t\t<div class=\"team-manager-free-container\">\r\n\t\t\t\r\n\t\t\t\t<div class=\"teamshowcasefree-col-lg-3 teamshowcasefree-col-md-3 teamshowcasefree-col-sm-2 teamshowcasefree-col-xs-1\">\r\n\t\t\t\t\t<div class=\"team-manager-free-items\">\r\n\t\t\t\t\t\t<div class=\"team-manager-free-items-thumbnail\">\r\n\t\t\t\t\t\t\t<a href=\"#team-popup-area-1657317667\" class=\"open-popup-link\" data-effect=\"mfp-zoom-in\">\r\n\t\t\t\t\t\t\t\t<img decoding=\"async\" width=\"1365\" height=\"1365\" src=\"https:\/\/www.smedemokrati.sk\/wp-content\/uploads\/2024\/03\/JN_kandidat.jpg\" class=\"attachment- size- wp-post-image\" alt=\"\" srcset=\"https:\/\/www.smedemokrati.sk\/wp-content\/uploads\/2024\/03\/JN_kandidat.jpg 1365w, https:\/\/www.smedemokrati.sk\/wp-content\/uploads\/2024\/03\/JN_kandidat-300x300.jpg 300w, https:\/\/www.smedemokrati.sk\/wp-content\/uploads\/2024\/03\/JN_kandidat-1024x1024.jpg 1024w, https:\/\/www.smedemokrati.sk\/wp-content\/uploads\/2024\/03\/JN_kandidat-150x150.jpg 150w, https:\/\/www.smedemokrati.sk\/wp-content\/uploads\/2024\/03\/JN_kandidat-768x768.jpg 768w\" sizes=\"(max-width: 1365px) 100vw, 1365px\" \/>\t\t\t\t\t\t\t<\/a>\r\n\t\t\t\t\t\t\t<a href=\"#team-popup-area-1657317667\" class=\"open-popup-link pic-bottom\" data-effect=\"mfp-zoom-in\"><\/a>\r\n\t\t\t\t\t\t<\/div>\r\n\t\t\t\t\t\t<div class=\"team-manager-free-items-profiles\">\r\n\t\t\t\t\t\t\t<h3 class=\"team-manager-free-items-title\">\r\n\t\t\t\t\t\t\t\t<a href=\"#team-popup-area-1657317667\" class=\"open-popup-link\" data-effect=\"mfp-zoom-in\">1. Jaroslav Na\u010f<\/a>\r\n\t\t\t\t\t\t\t<\/h3>\r\n\r\n\t\t\t\t\t\t\t\r\n\t\t\t\t\t\t\t<ul class=\"team-manager-free-items-social\">\r\n\t\t\t\t\t\t\t\t\r\n\t\t\t\t\t\t\t<\/ul>\r\n\t\t\t\t\t\t<\/div>\r\n\r\n\t\t\t\t\t\t\r\n<div id=\"team-popup-area-1657317667\" class=\"mfp-hide white-popup style-one\">\r\n      <div class=\"team-manager-container\">\r\n            <div class=\"team-manager-row\">\r\n            \t<div class=\"tsrow-col-md-4\">\r\n            \t\t<div class=\"team-manager-popup-left-area\">\r\n            \t\t\t<div class=\"left-box-thumbnail\">\r\n            \t\t\t\t<img decoding=\"async\" width=\"1024\" height=\"1024\" src=\"https:\/\/www.smedemokrati.sk\/wp-content\/uploads\/2024\/03\/JN_kandidat-1024x1024.jpg\" class=\"attachment-large size-large wp-post-image\" alt=\"\" srcset=\"https:\/\/www.smedemokrati.sk\/wp-content\/uploads\/2024\/03\/JN_kandidat-1024x1024.jpg 1024w, https:\/\/www.smedemokrati.sk\/wp-content\/uploads\/2024\/03\/JN_kandidat-300x300.jpg 300w, https:\/\/www.smedemokrati.sk\/wp-content\/uploads\/2024\/03\/JN_kandidat-150x150.jpg 150w, https:\/\/www.smedemokrati.sk\/wp-content\/uploads\/2024\/03\/JN_kandidat-768x768.jpg 768w, https:\/\/www.smedemokrati.sk\/wp-content\/uploads\/2024\/03\/JN_kandidat.jpg 1365w\" sizes=\"(max-width: 1024px) 100vw, 1024px\" \/>            \t\t\t<\/div>\r\n            \t\t\t<div class=\"left-box-client-information\">\r\n\t\t\t\t\t\t<h3 class=\"team-manager-popup-designation\">\r\n\t\t\t\t\t\t\tpredseda strany\t\t\t\t\t\t<\/h3>\r\n            \t\t\t\t\r\n<ul class=\"tp-tmffree-popup-info\">\r\n\t\r\n\t\r\n\t\r\n\t<\/ul>            \t\t\t<\/div>\r\n\t\t\t\t\t<ul class=\"left-box-social-items\">\r\n\t\t\t\t\t\t\r\n\t\t\t\t\t<\/ul>\r\n            \t\t<\/div>\r\n            \t<\/div>\r\n            \t<div class=\"tsrow-col-md-8\">\r\n            \t\t<div class=\"team-manager-popup-right-area\">\r\n            \t\t\t<h2 class=\"left-box-title\">1. Jaroslav Na\u010f<\/h2>\r\n            \t\t\t<p>Text<\/p>\n            \t\t<\/div>\r\n            \t<\/div>\r\n            <\/div>\r\n      <\/div>\r\n<\/div>\t\t\t\t\t<\/div>\r\n\t\t\t\t<\/div>\r\n\t\t\t\t\t<\/div>\r\n\t<\/div>\n","protected":false},"excerpt":{"rendered":"","protected":false},"author":13,"featured_media":3693,"parent":0,"menu_order":0,"comment_status":"closed","ping_status":"closed","template":"template-eu.php","meta":{"_acf_changed":false,"ngg_post_thumbnail":0,"footnotes":""},"class_list":["post-2991","page","type-page","status-publish","has-post-thumbnail","hentry"],"acf":[],"yoast_head":"<!-- This site is optimized with the Yoast SEO plugin v27.2 - https:\/\/yoast.com\/product\/yoast-seo-wordpress\/ -->\n<title>Kandid\u00e1ti do Eur\u00f3pskeho parlamentu - Smedemokrati.sk<\/title>\n<meta name=\"robots\" content=\"index, follow, max-snippet:-1, max-image-preview:large, max-video-preview:-1\" \/>\n<link rel=\"canonical\" href=\"https:\/\/www.smedemokrati.sk\/hu\/kandidati-do-europskeho-parlamentu\/\" \/>\n<meta property=\"og:locale\" content=\"hu_HU\" \/>\n<meta property=\"og:locale:alternate\" content=\"en_US\" \/>\n<meta property=\"og:locale:alternate\" content=\"cs_CZ\" \/>\n<meta property=\"og:locale:alternate\" content=\"sk_SK\" \/>\n<meta property=\"og:locale:alternate\" content=\"sv_SE\" \/>\n<meta property=\"og:type\" content=\"article\" \/>\n<meta property=\"og:title\" content=\"Kandid\u00e1ti do Eur\u00f3pskeho parlamentu - Smedemokrati.sk\" \/>\n<meta property=\"og:url\" content=\"https:\/\/www.smedemokrati.sk\/hu\/team_mf\/1-jaroslav-nad\/\" \/>\n<meta property=\"og:site_name\" content=\"Smedemokrati.sk\" \/>\n<meta property=\"article:publisher\" content=\"https:\/\/www.facebook.com\/smedemokrati2023\" \/>\n<meta property=\"article:modified_time\" content=\"2024-04-23T09:12:43+00:00\" \/>\n<meta property=\"og:image\" content=\"https:\/\/www.smedemokrati.sk\/wp-content\/uploads\/2024\/04\/neustupime-kandidati.jpeg\" \/>\n\t<meta property=\"og:image:width\" content=\"1920\" \/>\n\t<meta property=\"og:image:height\" content=\"1080\" \/>\n\t<meta property=\"og:image:type\" content=\"image\/jpeg\" \/>\n<meta name=\"twitter:card\" content=\"summary_large_image\" \/>\n<meta name=\"twitter:label1\" content=\"Becs\u00fclt olvas\u00e1si id\u0151\" \/>\n\t<meta name=\"twitter:data1\" content=\"1 perc\" \/>\n<script type=\"application\/ld+json\" class=\"yoast-schema-graph\">{\"@context\":\"https:\/\/schema.org\",\"@graph\":[{\"@type\":\"WebPage\",\"@id\":\"https:\/\/www.smedemokrati.sk\/kandidati-do-europskeho-parlamentu\/\",\"url\":\"https:\/\/www.smedemokrati.sk\/kandidati-do-europskeho-parlamentu\/\",\"name\":\"Kandid\u00e1ti do Eur\u00f3pskeho parlamentu - Smedemokrati.sk\",\"isPartOf\":{\"@id\":\"https:\/\/www.smedemokrati.sk\/#website\"},\"primaryImageOfPage\":{\"@id\":\"https:\/\/www.smedemokrati.sk\/kandidati-do-europskeho-parlamentu\/#primaryimage\"},\"image\":{\"@id\":\"https:\/\/www.smedemokrati.sk\/kandidati-do-europskeho-parlamentu\/#primaryimage\"},\"thumbnailUrl\":\"https:\/\/www.smedemokrati.sk\/wp-content\/uploads\/2024\/04\/neustupime-kandidati.jpeg\",\"datePublished\":\"2024-03-09T09:18:48+00:00\",\"dateModified\":\"2024-04-23T09:12:43+00:00\",\"breadcrumb\":{\"@id\":\"https:\/\/www.smedemokrati.sk\/kandidati-do-europskeho-parlamentu\/#breadcrumb\"},\"inLanguage\":\"hu-HU\",\"potentialAction\":[{\"@type\":\"ReadAction\",\"target\":[\"https:\/\/www.smedemokrati.sk\/kandidati-do-europskeho-parlamentu\/\"]}]},{\"@type\":\"ImageObject\",\"inLanguage\":\"hu-HU\",\"@id\":\"https:\/\/www.smedemokrati.sk\/kandidati-do-europskeho-parlamentu\/#primaryimage\",\"url\":\"https:\/\/www.smedemokrati.sk\/wp-content\/uploads\/2024\/04\/neustupime-kandidati.jpeg\",\"contentUrl\":\"https:\/\/www.smedemokrati.sk\/wp-content\/uploads\/2024\/04\/neustupime-kandidati.jpeg\",\"width\":1920,\"height\":1080},{\"@type\":\"BreadcrumbList\",\"@id\":\"https:\/\/www.smedemokrati.sk\/kandidati-do-europskeho-parlamentu\/#breadcrumb\",\"itemListElement\":[{\"@type\":\"ListItem\",\"position\":1,\"name\":\"Domovsk\u00e1 str\u00e1nka\",\"item\":\"https:\/\/www.smedemokrati.sk\/\"},{\"@type\":\"ListItem\",\"position\":2,\"name\":\"Kandid\u00e1ti do Eur\u00f3pskeho parlamentu\"}]},{\"@type\":\"WebSite\",\"@id\":\"https:\/\/www.smedemokrati.sk\/#website\",\"url\":\"https:\/\/www.smedemokrati.sk\/\",\"name\":\"Smedemokrati.sk\",\"description\":\"Demokracia a slu\u0161nos\u0165 zv\u00ed\u0165az\u00ed\",\"publisher\":{\"@id\":\"https:\/\/www.smedemokrati.sk\/#organization\"},\"potentialAction\":[{\"@type\":\"SearchAction\",\"target\":{\"@type\":\"EntryPoint\",\"urlTemplate\":\"https:\/\/www.smedemokrati.sk\/?s={search_term_string}\"},\"query-input\":{\"@type\":\"PropertyValueSpecification\",\"valueRequired\":true,\"valueName\":\"search_term_string\"}}],\"inLanguage\":\"hu-HU\"},{\"@type\":\"Organization\",\"@id\":\"https:\/\/www.smedemokrati.sk\/#organization\",\"name\":\"Smedemokrati.sk\",\"url\":\"https:\/\/www.smedemokrati.sk\/\",\"logo\":{\"@type\":\"ImageObject\",\"inLanguage\":\"hu-HU\",\"@id\":\"https:\/\/www.smedemokrati.sk\/#\/schema\/logo\/image\/\",\"url\":\"https:\/\/www.smedemokrati.sk\/wp-content\/uploads\/2023\/04\/ff.002.jpeg\",\"contentUrl\":\"https:\/\/www.smedemokrati.sk\/wp-content\/uploads\/2023\/04\/ff.002.jpeg\",\"width\":640,\"height\":480,\"caption\":\"Smedemokrati.sk\"},\"image\":{\"@id\":\"https:\/\/www.smedemokrati.sk\/#\/schema\/logo\/image\/\"},\"sameAs\":[\"https:\/\/www.facebook.com\/smedemokrati2023\"]}]}<\/script>\n<!-- \/ Yoast SEO plugin. -->","yoast_head_json":{"title":"Kandid\u00e1ti do Eur\u00f3pskeho parlamentu - Smedemokrati.sk","robots":{"index":"index","follow":"follow","max-snippet":"max-snippet:-1","max-image-preview":"max-image-preview:large","max-video-preview":"max-video-preview:-1"},"canonical":"https:\/\/www.smedemokrati.sk\/hu\/kandidati-do-europskeho-parlamentu\/","og_locale":"hu_HU","og_type":"article","og_title":"Kandid\u00e1ti do Eur\u00f3pskeho parlamentu - Smedemokrati.sk","og_url":"https:\/\/www.smedemokrati.sk\/hu\/team_mf\/1-jaroslav-nad\/","og_site_name":"Smedemokrati.sk","article_publisher":"https:\/\/www.facebook.com\/smedemokrati2023","article_modified_time":"2024-04-23T09:12:43+00:00","og_image":[{"width":1920,"height":1080,"url":"https:\/\/www.smedemokrati.sk\/wp-content\/uploads\/2024\/04\/neustupime-kandidati.jpeg","type":"image\/jpeg"}],"twitter_card":"summary_large_image","twitter_misc":{"Becs\u00fclt olvas\u00e1si id\u0151":"1 perc"},"schema":{"@context":"https:\/\/schema.org","@graph":[{"@type":"WebPage","@id":"https:\/\/www.smedemokrati.sk\/kandidati-do-europskeho-parlamentu\/","url":"https:\/\/www.smedemokrati.sk\/kandidati-do-europskeho-parlamentu\/","name":"Kandid\u00e1ti do Eur\u00f3pskeho parlamentu - Smedemokrati.sk","isPartOf":{"@id":"https:\/\/www.smedemokrati.sk\/#website"},"primaryImageOfPage":{"@id":"https:\/\/www.smedemokrati.sk\/kandidati-do-europskeho-parlamentu\/#primaryimage"},"image":{"@id":"https:\/\/www.smedemokrati.sk\/kandidati-do-europskeho-parlamentu\/#primaryimage"},"thumbnailUrl":"https:\/\/www.smedemokrati.sk\/wp-content\/uploads\/2024\/04\/neustupime-kandidati.jpeg","datePublished":"2024-03-09T09:18:48+00:00","dateModified":"2024-04-23T09:12:43+00:00","breadcrumb":{"@id":"https:\/\/www.smedemokrati.sk\/kandidati-do-europskeho-parlamentu\/#breadcrumb"},"inLanguage":"hu-HU","potentialAction":[{"@type":"ReadAction","target":["https:\/\/www.smedemokrati.sk\/kandidati-do-europskeho-parlamentu\/"]}]},{"@type":"ImageObject","inLanguage":"hu-HU","@id":"https:\/\/www.smedemokrati.sk\/kandidati-do-europskeho-parlamentu\/#primaryimage","url":"https:\/\/www.smedemokrati.sk\/wp-content\/uploads\/2024\/04\/neustupime-kandidati.jpeg","contentUrl":"https:\/\/www.smedemokrati.sk\/wp-content\/uploads\/2024\/04\/neustupime-kandidati.jpeg","width":1920,"height":1080},{"@type":"BreadcrumbList","@id":"https:\/\/www.smedemokrati.sk\/kandidati-do-europskeho-parlamentu\/#breadcrumb","itemListElement":[{"@type":"ListItem","position":1,"name":"Domovsk\u00e1 str\u00e1nka","item":"https:\/\/www.smedemokrati.sk\/"},{"@type":"ListItem","position":2,"name":"Kandid\u00e1ti do Eur\u00f3pskeho parlamentu"}]},{"@type":"WebSite","@id":"https:\/\/www.smedemokrati.sk\/#website","url":"https:\/\/www.smedemokrati.sk\/","name":"Smedemokrati.sk","description":"Demokracia a slu\u0161nos\u0165 zv\u00ed\u0165az\u00ed","publisher":{"@id":"https:\/\/www.smedemokrati.sk\/#organization"},"potentialAction":[{"@type":"SearchAction","target":{"@type":"EntryPoint","urlTemplate":"https:\/\/www.smedemokrati.sk\/?s={search_term_string}"},"query-input":{"@type":"PropertyValueSpecification","valueRequired":true,"valueName":"search_term_string"}}],"inLanguage":"hu-HU"},{"@type":"Organization","@id":"https:\/\/www.smedemokrati.sk\/#organization","name":"Smedemokrati.sk","url":"https:\/\/www.smedemokrati.sk\/","logo":{"@type":"ImageObject","inLanguage":"hu-HU","@id":"https:\/\/www.smedemokrati.sk\/#\/schema\/logo\/image\/","url":"https:\/\/www.smedemokrati.sk\/wp-content\/uploads\/2023\/04\/ff.002.jpeg","contentUrl":"https:\/\/www.smedemokrati.sk\/wp-content\/uploads\/2023\/04\/ff.002.jpeg","width":640,"height":480,"caption":"Smedemokrati.sk"},"image":{"@id":"https:\/\/www.smedemokrati.sk\/#\/schema\/logo\/image\/"},"sameAs":["https:\/\/www.facebook.com\/smedemokrati2023"]}]}},"_links":{"self":[{"href":"https:\/\/www.smedemokrati.sk\/hu\/wp-json\/wp\/v2\/pages\/2991","targetHints":{"allow":["GET"]}}],"collection":[{"href":"https:\/\/www.smedemokrati.sk\/hu\/wp-json\/wp\/v2\/pages"}],"about":[{"href":"https:\/\/www.smedemokrati.sk\/hu\/wp-json\/wp\/v2\/types\/page"}],"author":[{"embeddable":true,"href":"https:\/\/www.smedemokrati.sk\/hu\/wp-json\/wp\/v2\/users\/13"}],"replies":[{"embeddable":true,"href":"https:\/\/www.smedemokrati.sk\/hu\/wp-json\/wp\/v2\/comments?post=2991"}],"version-history":[{"count":2,"href":"https:\/\/www.smedemokrati.sk\/hu\/wp-json\/wp\/v2\/pages\/2991\/revisions"}],"predecessor-version":[{"id":3919,"href":"https:\/\/www.smedemokrati.sk\/hu\/wp-json\/wp\/v2\/pages\/2991\/revisions\/3919"}],"wp:featuredmedia":[{"embeddable":true,"href":"https:\/\/www.smedemokrati.sk\/hu\/wp-json\/wp\/v2\/media\/3693"}],"wp:attachment":[{"href":"https:\/\/www.smedemokrati.sk\/hu\/wp-json\/wp\/v2\/media?parent=2991"}],"curies":[{"name":"wp","href":"https:\/\/api.w.org\/{rel}","templated":true}]}}