{"id":2861,"date":"2024-02-27T17:41:55","date_gmt":"2024-02-27T15:41:55","guid":{"rendered":"https:\/\/www.smedemokrati.sk\/?page_id=2861"},"modified":"2025-04-20T13:14:11","modified_gmt":"2025-04-20T12:14:11","slug":"jaro","status":"publish","type":"page","link":"https:\/\/www.smedemokrati.sk\/en\/jaro\/","title":{"rendered":"Jaro"},"content":{"rendered":"<div id=\"fb-root\"><\/div>\n","protected":false},"excerpt":{"rendered":"","protected":false},"author":13,"featured_media":2870,"parent":0,"menu_order":0,"comment_status":"closed","ping_status":"closed","template":"template-predseda.php","meta":{"_acf_changed":false,"ngg_post_thumbnail":0,"footnotes":""},"class_list":["post-2861","page","type-page","status-publish","has-post-thumbnail","hentry"],"acf":[],"yoast_head":"<!-- This site is optimized with the Yoast SEO plugin v27.2 - https:\/\/yoast.com\/product\/yoast-seo-wordpress\/ -->\n<title>Jaro<\/title>\n<meta name=\"description\" content=\"Jaroslav Na\u010f, predseda Demokratov - odborn\u00edk na obranu a bezpe\u010dnos\u0165, bojovn\u00edk proti korupcii.\u201eNarodil som sa v Nitre, vyrastal v Banskej \u0160tiavnici a na v\u00fdchode v Pavlovciach nad Uhom. Vy\u0161tudoval som Univerzitu Mateja Bela v Banskej Bystrici a doktorandsk\u00e9 \u0161t\u00fadium som absolvoval na Akad\u00e9mii Ozbrojen\u00fdch s\u00edl v Liptovskom Mikul\u00e1\u0161i.\" \/>\n<meta name=\"robots\" content=\"index, follow, max-snippet:-1, max-image-preview:large, max-video-preview:-1\" \/>\n<link rel=\"canonical\" href=\"https:\/\/www.smedemokrati.sk\/en\/jaro\/\" \/>\n<meta property=\"og:locale\" content=\"en_US\" \/>\n<meta property=\"og:locale:alternate\" content=\"cs_CZ\" \/>\n<meta property=\"og:locale:alternate\" content=\"hu_HU\" \/>\n<meta property=\"og:locale:alternate\" content=\"sk_SK\" \/>\n<meta property=\"og:locale:alternate\" content=\"sv_SE\" \/>\n<meta property=\"og:type\" content=\"article\" \/>\n<meta property=\"og:title\" content=\"Jaro\" \/>\n<meta property=\"og:description\" content=\"Jaroslav Na\u010f, predseda Demokratov - odborn\u00edk na obranu a bezpe\u010dnos\u0165, bojovn\u00edk proti korupcii.\u201eNarodil som sa v Nitre, vyrastal v Banskej \u0160tiavnici a na v\u00fdchode v Pavlovciach nad Uhom. Vy\u0161tudoval som Univerzitu Mateja Bela v Banskej Bystrici a doktorandsk\u00e9 \u0161t\u00fadium som absolvoval na Akad\u00e9mii Ozbrojen\u00fdch s\u00edl v Liptovskom Mikul\u00e1\u0161i.\" \/>\n<meta property=\"og:url\" content=\"https:\/\/www.smedemokrati.sk\/en\/jaro\/\" \/>\n<meta property=\"og:site_name\" content=\"Smedemokrati.sk\" \/>\n<meta property=\"article:publisher\" content=\"https:\/\/www.facebook.com\/smedemokrati2023\" \/>\n<meta property=\"article:modified_time\" content=\"2025-04-20T12:14:11+00:00\" \/>\n<meta property=\"og:image\" content=\"https:\/\/www.smedemokrati.sk\/wp-content\/uploads\/2024\/02\/jaro-nad-banner.jpg\" \/>\n\t<meta property=\"og:image:width\" content=\"1616\" \/>\n\t<meta property=\"og:image:height\" content=\"903\" \/>\n\t<meta property=\"og:image:type\" content=\"image\/jpeg\" \/>\n<meta name=\"twitter:card\" content=\"summary_large_image\" \/>\n<meta name=\"twitter:label1\" content=\"Est. reading time\" \/>\n\t<meta name=\"twitter:data1\" content=\"1 minute\" \/>\n<script type=\"application\/ld+json\" class=\"yoast-schema-graph\">{\"@context\":\"https:\/\/schema.org\",\"@graph\":[{\"@type\":\"WebPage\",\"@id\":\"https:\/\/www.smedemokrati.sk\/jaro\/\",\"url\":\"https:\/\/www.smedemokrati.sk\/jaro\/\",\"name\":\"Jaro\",\"isPartOf\":{\"@id\":\"https:\/\/www.smedemokrati.sk\/#website\"},\"primaryImageOfPage\":{\"@id\":\"https:\/\/www.smedemokrati.sk\/jaro\/#primaryimage\"},\"image\":{\"@id\":\"https:\/\/www.smedemokrati.sk\/jaro\/#primaryimage\"},\"thumbnailUrl\":\"https:\/\/www.smedemokrati.sk\/wp-content\/uploads\/2024\/02\/jaro-nad-banner.jpg\",\"datePublished\":\"2024-02-27T15:41:55+00:00\",\"dateModified\":\"2025-04-20T12:14:11+00:00\",\"description\":\"Jaroslav Na\u010f, predseda Demokratov - odborn\u00edk na obranu a bezpe\u010dnos\u0165, bojovn\u00edk proti korupcii.\u201eNarodil som sa v Nitre, vyrastal v Banskej \u0160tiavnici a na v\u00fdchode v Pavlovciach nad Uhom. Vy\u0161tudoval som Univerzitu Mateja Bela v Banskej Bystrici a doktorandsk\u00e9 \u0161t\u00fadium som absolvoval na Akad\u00e9mii Ozbrojen\u00fdch s\u00edl v Liptovskom Mikul\u00e1\u0161i.\",\"breadcrumb\":{\"@id\":\"https:\/\/www.smedemokrati.sk\/jaro\/#breadcrumb\"},\"inLanguage\":\"en-US\",\"potentialAction\":[{\"@type\":\"ReadAction\",\"target\":[\"https:\/\/www.smedemokrati.sk\/jaro\/\"]}]},{\"@type\":\"ImageObject\",\"inLanguage\":\"en-US\",\"@id\":\"https:\/\/www.smedemokrati.sk\/jaro\/#primaryimage\",\"url\":\"https:\/\/www.smedemokrati.sk\/wp-content\/uploads\/2024\/02\/jaro-nad-banner.jpg\",\"contentUrl\":\"https:\/\/www.smedemokrati.sk\/wp-content\/uploads\/2024\/02\/jaro-nad-banner.jpg\",\"width\":1616,\"height\":903},{\"@type\":\"BreadcrumbList\",\"@id\":\"https:\/\/www.smedemokrati.sk\/jaro\/#breadcrumb\",\"itemListElement\":[{\"@type\":\"ListItem\",\"position\":1,\"name\":\"Domovsk\u00e1 str\u00e1nka\",\"item\":\"https:\/\/www.smedemokrati.sk\/\"},{\"@type\":\"ListItem\",\"position\":2,\"name\":\"Jaro\"}]},{\"@type\":\"WebSite\",\"@id\":\"https:\/\/www.smedemokrati.sk\/#website\",\"url\":\"https:\/\/www.smedemokrati.sk\/\",\"name\":\"Smedemokrati.sk\",\"description\":\"Demokracia a slu\u0161nos\u0165 zv\u00ed\u0165az\u00ed\",\"publisher\":{\"@id\":\"https:\/\/www.smedemokrati.sk\/#organization\"},\"potentialAction\":[{\"@type\":\"SearchAction\",\"target\":{\"@type\":\"EntryPoint\",\"urlTemplate\":\"https:\/\/www.smedemokrati.sk\/?s={search_term_string}\"},\"query-input\":{\"@type\":\"PropertyValueSpecification\",\"valueRequired\":true,\"valueName\":\"search_term_string\"}}],\"inLanguage\":\"en-US\"},{\"@type\":\"Organization\",\"@id\":\"https:\/\/www.smedemokrati.sk\/#organization\",\"name\":\"Smedemokrati.sk\",\"url\":\"https:\/\/www.smedemokrati.sk\/\",\"logo\":{\"@type\":\"ImageObject\",\"inLanguage\":\"en-US\",\"@id\":\"https:\/\/www.smedemokrati.sk\/#\/schema\/logo\/image\/\",\"url\":\"https:\/\/www.smedemokrati.sk\/wp-content\/uploads\/2023\/04\/ff.002.jpeg\",\"contentUrl\":\"https:\/\/www.smedemokrati.sk\/wp-content\/uploads\/2023\/04\/ff.002.jpeg\",\"width\":640,\"height\":480,\"caption\":\"Smedemokrati.sk\"},\"image\":{\"@id\":\"https:\/\/www.smedemokrati.sk\/#\/schema\/logo\/image\/\"},\"sameAs\":[\"https:\/\/www.facebook.com\/smedemokrati2023\"]}]}<\/script>\n<!-- \/ Yoast SEO plugin. -->","yoast_head_json":{"title":"Jaro","description":"Jaroslav Na\u010f, predseda Demokratov - odborn\u00edk na obranu a bezpe\u010dnos\u0165, bojovn\u00edk proti korupcii.\u201eNarodil som sa v Nitre, vyrastal v Banskej \u0160tiavnici a na v\u00fdchode v Pavlovciach nad Uhom. Vy\u0161tudoval som Univerzitu Mateja Bela v Banskej Bystrici a doktorandsk\u00e9 \u0161t\u00fadium som absolvoval na Akad\u00e9mii Ozbrojen\u00fdch s\u00edl v Liptovskom Mikul\u00e1\u0161i.","robots":{"index":"index","follow":"follow","max-snippet":"max-snippet:-1","max-image-preview":"max-image-preview:large","max-video-preview":"max-video-preview:-1"},"canonical":"https:\/\/www.smedemokrati.sk\/en\/jaro\/","og_locale":"en_US","og_type":"article","og_title":"[:en]Jaro[:sk]Jaro[:] - Smedemokrati.sk","og_description":"[:sk]Jaroslav Na\u010f, predseda Demokratov - odborn\u00edk na obranu a bezpe\u010dnos\u0165, bojovn\u00edk proti korupcii.\u201eNarodil som sa v Nitre, vyrastal v Banskej \u0160tiavnici a na v\u00fdchode v Pavlovciach nad Uhom. Vy\u0161tudoval som Univerzitu Mateja Bela v Banskej Bystrici a doktorandsk\u00e9 \u0161t\u00fadium som absolvoval na Akad\u00e9mii Ozbrojen\u00fdch s\u00edl v Liptovskom Mikul\u00e1\u0161i.[:]","og_url":"https:\/\/www.smedemokrati.sk\/en\/jaro\/","og_site_name":"Smedemokrati.sk","article_publisher":"https:\/\/www.facebook.com\/smedemokrati2023","article_modified_time":"2025-04-20T12:14:11+00:00","og_image":[{"width":1616,"height":903,"url":"https:\/\/www.smedemokrati.sk\/wp-content\/uploads\/2024\/02\/jaro-nad-banner.jpg","type":"image\/jpeg"}],"twitter_card":"summary_large_image","twitter_misc":{"Est. reading time":"1 minute"},"schema":{"@context":"https:\/\/schema.org","@graph":[{"@type":"WebPage","@id":"https:\/\/www.smedemokrati.sk\/jaro\/","url":"https:\/\/www.smedemokrati.sk\/jaro\/","name":"Jaro","isPartOf":{"@id":"https:\/\/www.smedemokrati.sk\/#website"},"primaryImageOfPage":{"@id":"https:\/\/www.smedemokrati.sk\/jaro\/#primaryimage"},"image":{"@id":"https:\/\/www.smedemokrati.sk\/jaro\/#primaryimage"},"thumbnailUrl":"https:\/\/www.smedemokrati.sk\/wp-content\/uploads\/2024\/02\/jaro-nad-banner.jpg","datePublished":"2024-02-27T15:41:55+00:00","dateModified":"2025-04-20T12:14:11+00:00","description":"Jaroslav Na\u010f, predseda Demokratov - odborn\u00edk na obranu a bezpe\u010dnos\u0165, bojovn\u00edk proti korupcii.\u201eNarodil som sa v Nitre, vyrastal v Banskej \u0160tiavnici a na v\u00fdchode v Pavlovciach nad Uhom. Vy\u0161tudoval som Univerzitu Mateja Bela v Banskej Bystrici a doktorandsk\u00e9 \u0161t\u00fadium som absolvoval na Akad\u00e9mii Ozbrojen\u00fdch s\u00edl v Liptovskom Mikul\u00e1\u0161i.","breadcrumb":{"@id":"https:\/\/www.smedemokrati.sk\/jaro\/#breadcrumb"},"inLanguage":"en-US","potentialAction":[{"@type":"ReadAction","target":["https:\/\/www.smedemokrati.sk\/jaro\/"]}]},{"@type":"ImageObject","inLanguage":"en-US","@id":"https:\/\/www.smedemokrati.sk\/jaro\/#primaryimage","url":"https:\/\/www.smedemokrati.sk\/wp-content\/uploads\/2024\/02\/jaro-nad-banner.jpg","contentUrl":"https:\/\/www.smedemokrati.sk\/wp-content\/uploads\/2024\/02\/jaro-nad-banner.jpg","width":1616,"height":903},{"@type":"BreadcrumbList","@id":"https:\/\/www.smedemokrati.sk\/jaro\/#breadcrumb","itemListElement":[{"@type":"ListItem","position":1,"name":"Domovsk\u00e1 str\u00e1nka","item":"https:\/\/www.smedemokrati.sk\/"},{"@type":"ListItem","position":2,"name":"Jaro"}]},{"@type":"WebSite","@id":"https:\/\/www.smedemokrati.sk\/#website","url":"https:\/\/www.smedemokrati.sk\/","name":"Smedemokrati.sk","description":"Demokracia a slu\u0161nos\u0165 zv\u00ed\u0165az\u00ed","publisher":{"@id":"https:\/\/www.smedemokrati.sk\/#organization"},"potentialAction":[{"@type":"SearchAction","target":{"@type":"EntryPoint","urlTemplate":"https:\/\/www.smedemokrati.sk\/?s={search_term_string}"},"query-input":{"@type":"PropertyValueSpecification","valueRequired":true,"valueName":"search_term_string"}}],"inLanguage":"en-US"},{"@type":"Organization","@id":"https:\/\/www.smedemokrati.sk\/#organization","name":"Smedemokrati.sk","url":"https:\/\/www.smedemokrati.sk\/","logo":{"@type":"ImageObject","inLanguage":"en-US","@id":"https:\/\/www.smedemokrati.sk\/#\/schema\/logo\/image\/","url":"https:\/\/www.smedemokrati.sk\/wp-content\/uploads\/2023\/04\/ff.002.jpeg","contentUrl":"https:\/\/www.smedemokrati.sk\/wp-content\/uploads\/2023\/04\/ff.002.jpeg","width":640,"height":480,"caption":"Smedemokrati.sk"},"image":{"@id":"https:\/\/www.smedemokrati.sk\/#\/schema\/logo\/image\/"},"sameAs":["https:\/\/www.facebook.com\/smedemokrati2023"]}]}},"_links":{"self":[{"href":"https:\/\/www.smedemokrati.sk\/en\/wp-json\/wp\/v2\/pages\/2861","targetHints":{"allow":["GET"]}}],"collection":[{"href":"https:\/\/www.smedemokrati.sk\/en\/wp-json\/wp\/v2\/pages"}],"about":[{"href":"https:\/\/www.smedemokrati.sk\/en\/wp-json\/wp\/v2\/types\/page"}],"author":[{"embeddable":true,"href":"https:\/\/www.smedemokrati.sk\/en\/wp-json\/wp\/v2\/users\/13"}],"replies":[{"embeddable":true,"href":"https:\/\/www.smedemokrati.sk\/en\/wp-json\/wp\/v2\/comments?post=2861"}],"version-history":[{"count":3,"href":"https:\/\/www.smedemokrati.sk\/en\/wp-json\/wp\/v2\/pages\/2861\/revisions"}],"predecessor-version":[{"id":6967,"href":"https:\/\/www.smedemokrati.sk\/en\/wp-json\/wp\/v2\/pages\/2861\/revisions\/6967"}],"wp:featuredmedia":[{"embeddable":true,"href":"https:\/\/www.smedemokrati.sk\/en\/wp-json\/wp\/v2\/media\/2870"}],"wp:attachment":[{"href":"https:\/\/www.smedemokrati.sk\/en\/wp-json\/wp\/v2\/media?parent=2861"}],"curies":[{"name":"wp","href":"https:\/\/api.w.org\/{rel}","templated":true}]}}