{"id":236,"date":"2023-04-04T12:38:39","date_gmt":"2023-04-04T12:38:39","guid":{"rendered":"https:\/\/www.smedemokrati.sk\/?page_id=236"},"modified":"2023-07-25T12:24:24","modified_gmt":"2023-07-25T10:24:24","slug":"programove-piliere-nasej-politiky","status":"publish","type":"page","link":"https:\/\/www.smedemokrati.sk\/cs\/programove-piliere-nasej-politiky\/","title":{"rendered":"Programov\u00e9 piliere na\u0161ej politiky"},"content":{"rendered":"<div id=\"fb-root\"><\/div>\n\n<p>Tvorbu volebn\u00e9ho programu ch\u00e1peme ako jednu zo z\u00e1kladn\u00fdch \u00faloh politickej strany. Volebn\u00fd program definuje politick\u00e9 a&nbsp;legislat\u00edvne opatrenia, pre realiz\u00e1ciu ktor\u00fdch sa uch\u00e1dzame o&nbsp;podporu voli\u010dov, o&nbsp;va\u0161u podporu. V tomto zmysle<strong> program ch\u00e1peme tie\u017e ako formu zmluvy.<\/strong> Pri zva\u017eovan\u00ed \u00fa\u010dasti vo vl\u00e1de budeme vych\u00e1dza\u0165 z&nbsp;mo\u017enosti presadi\u0165 konkr\u00e9tne programov\u00e9 priority.<\/p>\n\n\n\n<p>Na vytvoren\u00ed volebn\u00e9ho programu pre nasleduj\u00face volebn\u00e9 obdobie intenz\u00edvne pracujeme \u2013 tak na\u0161i experti, ako aj zodpovedn\u00e9 politick\u00e9 org\u00e1ny. U\u017e dnes v\u0161ak vieme, \u017ee bude ma\u0165 sedem pilierov a jeho strategick\u00fdm cie\u013eom bude <strong>prinavr\u00e1tenie Slovenska na trajekt\u00f3riu re\u00e1lneho dobiehania \u017eivotnej \u00farovne ekonomicky najv\u00fdkonnej\u0161\u00edch \u010dlensk\u00fdch \u0161t\u00e1tov Eur\u00f3pskej \u00fanie.<\/strong> Z\u00e1kladn\u00fdm predpokladom pre naplnenie tohto cie\u013ea je zachovanie pevn\u00e9ho ukotvenia Slovenska v&nbsp;politick\u00fdch, ekonomick\u00fdch a&nbsp;bezpe\u010dnostn\u00fdch zoskupeniach, predov\u0161etk\u00fdm v Eur\u00f3pskej \u00fanii a&nbsp;Severoatlantickej aliancii, ako aj reorganiz\u00e1cia riadenia \u0161t\u00e1tu na princ\u00edpe subsidiarity.<\/p>\n\n\n\n<blockquote class=\"wp-block-quote is-layout-flow wp-block-quote-is-layout-flow\">\n<p><\/p>\n<\/blockquote>\n\n\n\n<h2 class=\"wp-block-heading\"><strong>Zdrav\u00e9 Slovensko<\/strong><strong>&nbsp;&nbsp;<\/strong><\/h2>\n\n\n\n<p>Zdravie je z\u00e1kladom pre spokojn\u00fd \u017eivot ka\u017ed\u00e9ho \u010dloveka. Je aj prv\u00fdm z pilierov programu Demokratov.&nbsp;<\/p>\n\n\n\n<p>Zdravie je ako kysl\u00edk. Jeho hodnotu si \u010dasto uvedomujeme a\u017e vtedy, ke\u010f o\u0148 prich\u00e1dzame. Pr\u00e1vo na ochranu zdravia preto garantuje \u00dastava Slovenskej republiky a&nbsp;na z\u00e1klade zdravotn\u00e9ho poistenia m\u00e1me n\u00e1rok na bezplatn\u00fa zdravotn\u00fa starostlivos\u0165. Zabezpe\u010di\u0165 re\u00e1lnu dostupnos\u0165 zdravotnej starostlivosti v\u0161ak pova\u017eujeme za<strong> k\u013e\u00fa\u010dov\u00fa v\u00fdzvu efekt\u00edvneho fungovania \u0161t\u00e1tu.<\/strong> Pand\u00e9mia ochorenia Covid-19, ako ka\u017ed\u00e1 kr\u00edza, nemilosrdne obna\u017eila nedostatky v&nbsp;syst\u00e9me na\u0161ej \u00fastavnej aj ambulantnej zdravotnej starostlivosti. Sme svedkami dlh\u00fdch poradovn\u00edkov na vy\u0161etrenie u \u0161pecialistov, nedostatku a&nbsp;vysok\u00e9ho priemern\u00e9ho veku v\u0161eobecn\u00fdch lek\u00e1rov, neefekt\u00edvneho fungovania nemocn\u00edc a&nbsp;mnoh\u00e9ho \u010fal\u0161ieho. Napravi\u0165 tento stav znamen\u00e1 pokra\u010dova\u0165 v&nbsp;prij\u00edman\u00ed syst\u00e9mov\u00fdch reformn\u00fdch opatren\u00ed, ktor\u00fdch cie\u013eom je <strong>maximalizova\u0165 efekt\u00edvne vynakladanie obmedzen\u00fdch zdrojov \u0161t\u00e1tu na poskytovanie modernej a&nbsp;dostupnej zdravotnej starostlivosti.<\/strong> Konkr\u00e9tne to znamen\u00e1 moderniz\u00e1ciu zdravotn\u00edckej infra\u0161trukt\u00fary, roz\u0161irovanie siete ambulanci\u00ed \u010di motiv\u00e1ciu mlad\u00fdch lek\u00e1rov a&nbsp;lek\u00e1rok pracova\u0165 na Slovensku.<\/p>\n\n\n\n<p>S\u00fa\u010dasne plat\u00ed, \u017ee naj\u00fa\u010dinnej\u0161\u00edm sp\u00f4sobom od\u013eah\u010denia syst\u00e9mu zdravotnej starostlivosti je prevencia a&nbsp;zabezpe\u010denie podmienok pre upev\u0148ovanie zdravia. Mno\u017estvo \u0161t\u00fadi\u00ed preukazuje, \u017ee zdravie obyvate\u013estva pozit\u00edvne s\u00favis\u00ed s&nbsp;kvalitou \u017eivotn\u00e9ho prostredia. Faktory ako stav ovzdu\u0161ia, vody, p\u00f4dy, zvukov\u00e9 a sveteln\u00e9 zne\u010distenie, klimatick\u00e9 zmeny a \u010fal\u0161ie m\u00f4\u017eu priamo zvy\u0161ova\u0165 riziko ochoren\u00ed a&nbsp;negat\u00edvne ovplyv\u0148ova\u0165 d\u013a\u017eku a&nbsp;kvalitu \u017eivota \u013eud\u00ed.<strong> Invest\u00edcie do ochrany \u017eivotn\u00e9ho prostredia<\/strong> preto pova\u017eujeme za n\u00e1stroj na zlep\u0161enie zdravia obyvate\u013estva, ale aj na podporu zv\u00fd\u0161enej pracovnej produktivity a atraktivity pre zahrani\u010dn\u00e9 invest\u00edcie, zv\u00fd\u0161enie cestovn\u00e9ho ruchu, a&nbsp;teda rastu ekonomiky.<\/p>\n\n\n\n<h2 class=\"wp-block-heading\"><strong>Vzdelan\u00e9 Slovensko<\/strong><strong>&nbsp;<\/strong><\/h2>\n\n\n\n<p>V\u00fdrazn\u00e9 zlep\u0161enie kvality vzdel\u00e1vania, vedy a&nbsp;v\u00fdskumu pova\u017eujeme za predpoklad pripravenosti na rozvoj inov\u00e1ci\u00ed. To je s\u00fa\u010dasne jednou z&nbsp;podmienok prekonania pasce stredn\u00fdch pr\u00edjmov, a&nbsp;teda dobiehania ekonomicky najvyspelej\u0161\u00edch \u0161t\u00e1tov. V&nbsp;tejto s\u00favislosti sa s\u00fastred\u00edme na nastavenie nov\u00e9ho udr\u017eate\u013en\u00e9ho ekonomick\u00e9ho modelu a&nbsp;<strong>zn\u00ed\u017eenie da\u0148ov\u00e9ho za\u0165a\u017eenia pr\u00e1ce.<\/strong><\/p>\n\n\n\n<p>Najlep\u0161ou rozvojovou politikou je investovanie do vzdel\u00e1vania. Za k\u013e\u00fa\u010dov\u00e9 preto pova\u017eujeme prisp\u00f4sobi\u0165 syst\u00e9m vzdel\u00e1vania podmienkam 21. storo\u010dia. Vieme, \u017ee kvalitn\u00e9 vzdel\u00e1vanie bude v\u017edy st\u00e1\u0165 na vynikaj\u00facich a nez\u00e1visl\u00fdch u\u010dite\u013eoch a ved\u00facich pracovn\u00edkov v oblasti \u0161kolstva. Ka\u017ed\u00e9 die\u0165a a&nbsp;mlad\u00fd \u010dlovek m\u00e1 pr\u00e1vo na ve\u013emi dobr\u00fdch u\u010dite\u013eov. Preto <strong>pedag\u00f3govia bud\u00fa stredobodom na\u0161ej politiky vzdel\u00e1vania.&nbsp;<\/strong><\/p>\n\n\n\n<p>Budeme podporova\u0165 implement\u00e1ciu modern\u00e9ho pr\u00edstupu k&nbsp;vzdel\u00e1vaniu, ktor\u00e9ho v\u00fdsledkom musia by\u0165 aj vzdel\u00e1vacie zru\u010dnosti, soci\u00e1lne a emocion\u00e1lne zru\u010dnosti, samostatnos\u0165, kritick\u00e9 myslenie, prisp\u00f4sobivos\u0165 a&nbsp;podpora podnikavosti. Budeme podporova\u0165 <strong>zvy\u0161ovanie konkurencieschopnosti<\/strong> slovensk\u00fdch vysok\u00fdch \u0161k\u00f4l a&nbsp;ich spolupr\u00e1cu s&nbsp;inovat\u00edvnymi podnikmi.<\/p>\n\n\n\n<h2 class=\"wp-block-heading\"><strong>Bezpe\u010dn\u00e9 Slovensko<\/strong><strong>&nbsp;<\/strong><\/h2>\n\n\n\n<p>Zmena situ\u00e1cie v&nbsp;Eur\u00f3pe v&nbsp;d\u00f4sledku agresie Ruska vo\u010di Ukrajine, ale aj pand\u00e9mia ochorenia Covid-19 a&nbsp;energetick\u00e1 kr\u00edza, zv\u00fdraznili krehkos\u0165 hodnoty bezpe\u010dnosti. <strong>M\u00e1me jasn\u00fd geopolitick\u00fd kompas. <\/strong>Sme s\u00fa\u010das\u0165ou slobodn\u00e9ho demokratick\u00e9ho sveta, \u010dlenmi Eur\u00f3pskej \u00fanie a&nbsp;NATO, pri\u010dom podporujeme pr\u00e1vo Ukrajiny a&nbsp;\u010fal\u0161\u00edch demokratick\u00fdch \u0161t\u00e1tov uch\u00e1dza\u0165 sa o&nbsp;\u010dlenstvo v&nbsp;t\u00fdchto organiz\u00e1ci\u00e1ch.&nbsp;<\/p>\n\n\n\n<p>Pova\u017eujeme za zodpovedn\u00e9 neby\u0165 len konzumentom bezpe\u010dnosti, ale k&nbsp;jej zvy\u0161ovaniu akt\u00edvne a systematicky prispieva\u0165. Budeme presadzova\u0165 dodr\u017eiavanie z\u00e1v\u00e4zkov plyn\u00facich z&nbsp;\u010dlenstva v&nbsp;NATO, osobitne vy\u010dle\u0148ovanie v\u00fddavkov na vojensk\u00fa obranu v&nbsp;dohodnutom podiele najmenej 2 % HDP. Zabezpe\u010d\u00edme tak <strong>pripravenos\u0165 na kr\u00edzy, ochranu informa\u010dn\u00e9ho priestoru, aj na\u0161ej kritickej infra\u0161trukt\u00fary vr\u00e1tane tej kybernetickej.&nbsp;<\/strong><\/p>\n\n\n\n<p>Chceme spravodliv\u00e9 a&nbsp;transparentn\u00e9 Slovensko bez korupcie. Budeme preto vytv\u00e1ra\u0165 podmienky pre <strong>zvy\u0161ovanie d\u00f4very vo verejn\u00e9 in\u0161tit\u00facie a pr\u00e1vny \u0161t\u00e1t,<\/strong> ako aj nez\u00e1vislos\u0165 s\u00fadov a&nbsp;org\u00e1nov \u010dinn\u00fdch v&nbsp;trestnom konan\u00ed. Budeme podporova\u0165 upev\u0148ovanie zdrav\u00e9ho vlastenectva ob\u010danov.<\/p>\n\n\n\n<h2 class=\"wp-block-heading\"><strong>Anga\u017eovan\u00e9 Slovensko<\/strong><strong>&nbsp;<\/strong><\/h2>\n\n\n\n<p>Sme presved\u010den\u00ed, \u017ee v&nbsp;zlo\u017eitom, glob\u00e1lne prepojenom svete, je spr\u00e1vne podporova\u0165 smerovanie k&nbsp;decentralizovanej spolo\u010dnosti. Slovensko potrebuje <strong>reorganizova\u0165 fungovanie \u0161t\u00e1tu, dokon\u010di\u0165 decentraliz\u00e1ciu verejnej spr\u00e1vy. <\/strong>Teda uskuto\u010dni\u0165 racion\u00e1lnu de\u013ebu pr\u00e1ce a&nbsp;financovania medzi vl\u00e1du, region\u00e1lnu samospr\u00e1vu a&nbsp;miestnu samospr\u00e1vu, a&nbsp;to na princ\u00edpoch subsidiarity a&nbsp;ekonomickej efektivity. Cie\u013eom je <strong>menej byrokracie,<\/strong> r\u00fdchlej\u0161ie a&nbsp;efekt\u00edvnej\u0161ie rozhodovanie, zv\u00fd\u0161enie transparentnosti a&nbsp;zodpovednosti, kvalitnej\u0161ie verejn\u00e9 slu\u017eby a&nbsp;zlep\u0161enie kvality zastupite\u013eskej demokracie.&nbsp;<\/p>\n\n\n\n<p>Fungovanie \u0161t\u00e1tu digitalizujeme a <strong>maximalizujeme sf\u00e9ru rozhodovania jednotlivca o svojom \u017eivote <\/strong>a mo\u017enosti jeho zapojenia sa do verejn\u00e9ho \u017eivota. Vyu\u017eijeme enormn\u00fd potenci\u00e1l \u013eud\u00ed anga\u017euj\u00facich sa v&nbsp;regi\u00f3noch a&nbsp;nastav\u00edme udr\u017eate\u013en\u00fd syst\u00e9m vyrovn\u00e1vania ekonomick\u00fdch region\u00e1lnych rozdielov.<\/p>\n\n\n\n<p>Reorganiz\u00e1cia fungovania \u0161t\u00e1tu z\u00e1rove\u0148 uvo\u013en\u00ed a&nbsp;zjednodu\u0161\u00ed priestor pre individu\u00e1lne aktivity \u013eud\u00ed, pre podnikanie, a&nbsp;v&nbsp;neposlednom rade pre fungovanie ob\u010dianskej spolo\u010dnosti. Skr\u00e1tka, otvor\u00ed priestor pre anga\u017eovan\u00e9 Slovensko. <strong>Budovanie s\u00fadr\u017enej spolo\u010dnosti chceme za\u010da\u0165 zdola.<\/strong> Na\u0161imi prirodzen\u00fdmi partnermi bud\u00fa z\u00e1stupcovia samospr\u00e1v a\u202fob\u010dianskej spolo\u010dnosti.&nbsp;<\/p>\n\n\n\n<h2 class=\"wp-block-heading\"><strong>Soci\u00e1lne Slovensko<\/strong><\/h2>\n\n\n\n<p>S\u00fa\u010das\u0165ou v\u00edzie Demokratov je Slovensko ako <strong>s\u00fadr\u017en\u00e1, inkluz\u00edvna spolo\u010dnos\u0165,<\/strong> v&nbsp;ktorej m\u00e1 ka\u017ed\u00fd mo\u017enos\u0165 svojou pr\u00e1cou zabezpe\u010di\u0165 seba a\u202fsvoju rodinu, alebo bl\u00edzkych. V&nbsp;ktorej m\u00e1 ka\u017ed\u00fd mo\u017enos\u0165 uspie\u0165, a&nbsp;je <strong>postaran\u00e9 o&nbsp;soci\u00e1lne zranite\u013en\u00fdch<\/strong> \u013eud\u00ed, ktor\u00ed si sami nem\u00f4\u017eu pom\u00f4c\u0165 a&nbsp;do \u0165a\u017ekej \u017eivotnej situ\u00e1cie sa nedostali vlastn\u00fdm pri\u010dinen\u00edm. Odk\u00e1zan\u00fd \u010dlovek mus\u00ed dosta\u0165 pomoc bez oh\u013eadu na to, \u010di m\u00e1 podporuj\u00facu rodinu alebo akt\u00edvne okolie.&nbsp;<\/p>\n\n\n\n<p>Pova\u017eujeme za spr\u00e1vne, aby sa soci\u00e1lna politika z dlhodob\u00e9ho h\u013eadiska neorientovala len na r\u00f4zne d\u00e1vky a&nbsp;nepodporovala mentalitu z\u00e1vislosti. Skuto\u010dnou pomocou \u010dloveku nie je do\u010dasne poskytn\u00fa\u0165 pr\u00edspevok, ale <strong>posun\u00fa\u0165 ho, pripravi\u0165 na bud\u00facnos\u0165, vr\u00e1ti\u0165 ho do spolo\u010dnosti.<\/strong><br>Zistenia anal\u00fdz dlhodob\u00fdch trendov prakticky vo v\u0161etk\u00fdch \u0161t\u00e1toch Eur\u00f3pskej \u00fanie predpokladaj\u00fa v najbli\u017e\u0161\u00edch desiatich rokoch rast podielu star\u0161\u00edch \u013eud\u00ed v spolo\u010dnosti. Slovensko nie je v\u00fdnimkou a&nbsp;aktu\u00e1lny syst\u00e9m soci\u00e1lneho zabezpe\u010denia a slu\u017eieb nezodpoved\u00e1 perspekt\u00edve narastaj\u00faceho dopytu. Budeme preto podporova\u0165 <strong>vytvorenie udr\u017eate\u013en\u00e9ho syst\u00e9mu integrovanej soci\u00e1lnej a&nbsp;zdravotnej starostlivosti, <\/strong>re\u0161pektuj\u00facom individu\u00e1lne potreby \u013eud\u00ed, ich d\u00f4stojnos\u0165 a&nbsp;uprednost\u0148uj\u00faci integr\u00e1ciu do prirodzen\u00e9ho prostredia.<\/p>\n","protected":false},"excerpt":{"rendered":"<p>Tvorbu volebn\u00e9ho programu ch\u00e1peme ako jednu zo z\u00e1kladn\u00fdch \u00faloh politickej strany. Volebn\u00fd program definuje politick\u00e9 a&nbsp;legislat\u00edvne opatrenia, pre realiz\u00e1ciu ktor\u00fdch sa uch\u00e1dzame o&nbsp;podporu voli\u010dov, o&nbsp;va\u0161u podporu. V tomto zmysle program ch\u00e1peme tie\u017e ako formu zmluvy. Pri zva\u017eovan\u00ed \u00fa\u010dasti vo vl\u00e1de budeme vych\u00e1dza\u0165 z&nbsp;mo\u017enosti presadi\u0165 konkr\u00e9tne programov\u00e9 priority. Na vytvoren\u00ed volebn\u00e9ho programu pre nasleduj\u00face volebn\u00e9 obdobie [&hellip;]<\/p>\n","protected":false},"author":1,"featured_media":0,"parent":0,"menu_order":0,"comment_status":"closed","ping_status":"closed","template":"template-programove_piliere_nasej_politiky.php","meta":{"_acf_changed":false,"ngg_post_thumbnail":0,"footnotes":""},"class_list":["post-236","page","type-page","status-publish","hentry"],"acf":[],"yoast_head":"<!-- This site is optimized with the Yoast SEO plugin v27.2 - https:\/\/yoast.com\/product\/yoast-seo-wordpress\/ -->\n<title>Programov\u00e9 piliere na\u0161ej politiky - Smedemokrati.sk<\/title>\n<meta name=\"robots\" content=\"index, follow, max-snippet:-1, max-image-preview:large, max-video-preview:-1\" \/>\n<link rel=\"canonical\" href=\"https:\/\/www.smedemokrati.sk\/cs\/programove-piliere-nasej-politiky\/\" \/>\n<meta property=\"og:locale\" content=\"cs_CZ\" \/>\n<meta property=\"og:locale:alternate\" content=\"en_US\" \/>\n<meta property=\"og:locale:alternate\" content=\"hu_HU\" \/>\n<meta property=\"og:locale:alternate\" content=\"sk_SK\" \/>\n<meta property=\"og:locale:alternate\" content=\"sv_SE\" \/>\n<meta property=\"og:type\" content=\"article\" \/>\n<meta property=\"og:title\" content=\"Programov\u00e9 piliere na\u0161ej politiky - Smedemokrati.sk\" \/>\n<meta property=\"og:description\" content=\"Tvorbu volebn\u00e9ho programu ch\u00e1peme ako jednu zo z\u00e1kladn\u00fdch \u00faloh politickej strany. Volebn\u00fd program definuje politick\u00e9 a&nbsp;legislat\u00edvne opatrenia, pre realiz\u00e1ciu ktor\u00fdch sa uch\u00e1dzame o&nbsp;podporu voli\u010dov, o&nbsp;va\u0161u podporu. V tomto zmysle program ch\u00e1peme tie\u017e ako formu zmluvy. Pri zva\u017eovan\u00ed \u00fa\u010dasti vo vl\u00e1de budeme vych\u00e1dza\u0165 z&nbsp;mo\u017enosti presadi\u0165 konkr\u00e9tne programov\u00e9 priority. Na vytvoren\u00ed volebn\u00e9ho programu pre nasleduj\u00face volebn\u00e9 obdobie [&hellip;]\" \/>\n<meta property=\"og:url\" content=\"https:\/\/www.smedemokrati.sk\/cs\/programove-piliere-nasej-politiky\/\" \/>\n<meta property=\"og:site_name\" content=\"Smedemokrati.sk\" \/>\n<meta property=\"article:publisher\" content=\"https:\/\/www.facebook.com\/smedemokrati2023\" \/>\n<meta property=\"article:modified_time\" content=\"2023-07-25T10:24:24+00:00\" \/>\n<meta property=\"og:image\" content=\"https:\/\/www.smedemokrati.sk\/wp-content\/uploads\/2023\/04\/ff.004.jpeg\" \/>\n\t<meta property=\"og:image:width\" content=\"640\" \/>\n\t<meta property=\"og:image:height\" content=\"480\" \/>\n\t<meta property=\"og:image:type\" content=\"image\/jpeg\" \/>\n<meta name=\"twitter:card\" content=\"summary_large_image\" \/>\n<meta name=\"twitter:label1\" content=\"Odhadovan\u00e1 doba \u010dten\u00ed\" \/>\n\t<meta name=\"twitter:data1\" content=\"6 minut\" \/>\n<script type=\"application\/ld+json\" class=\"yoast-schema-graph\">{\"@context\":\"https:\/\/schema.org\",\"@graph\":[{\"@type\":\"WebPage\",\"@id\":\"https:\/\/www.smedemokrati.sk\/programove-piliere-nasej-politiky\/\",\"url\":\"https:\/\/www.smedemokrati.sk\/programove-piliere-nasej-politiky\/\",\"name\":\"Programov\u00e9 piliere na\u0161ej politiky - Smedemokrati.sk\",\"isPartOf\":{\"@id\":\"https:\/\/www.smedemokrati.sk\/#website\"},\"datePublished\":\"2023-04-04T12:38:39+00:00\",\"dateModified\":\"2023-07-25T10:24:24+00:00\",\"breadcrumb\":{\"@id\":\"https:\/\/www.smedemokrati.sk\/programove-piliere-nasej-politiky\/#breadcrumb\"},\"inLanguage\":\"cs-CZ\",\"potentialAction\":[{\"@type\":\"ReadAction\",\"target\":[\"https:\/\/www.smedemokrati.sk\/programove-piliere-nasej-politiky\/\"]}]},{\"@type\":\"BreadcrumbList\",\"@id\":\"https:\/\/www.smedemokrati.sk\/programove-piliere-nasej-politiky\/#breadcrumb\",\"itemListElement\":[{\"@type\":\"ListItem\",\"position\":1,\"name\":\"Domovsk\u00e1 str\u00e1nka\",\"item\":\"https:\/\/www.smedemokrati.sk\/\"},{\"@type\":\"ListItem\",\"position\":2,\"name\":\"Programov\u00e9 piliere na\u0161ej politiky\"}]},{\"@type\":\"WebSite\",\"@id\":\"https:\/\/www.smedemokrati.sk\/#website\",\"url\":\"https:\/\/www.smedemokrati.sk\/\",\"name\":\"Smedemokrati.sk\",\"description\":\"Demokracia a slu\u0161nos\u0165 zv\u00ed\u0165az\u00ed\",\"publisher\":{\"@id\":\"https:\/\/www.smedemokrati.sk\/#organization\"},\"potentialAction\":[{\"@type\":\"SearchAction\",\"target\":{\"@type\":\"EntryPoint\",\"urlTemplate\":\"https:\/\/www.smedemokrati.sk\/?s={search_term_string}\"},\"query-input\":{\"@type\":\"PropertyValueSpecification\",\"valueRequired\":true,\"valueName\":\"search_term_string\"}}],\"inLanguage\":\"cs-CZ\"},{\"@type\":\"Organization\",\"@id\":\"https:\/\/www.smedemokrati.sk\/#organization\",\"name\":\"Smedemokrati.sk\",\"url\":\"https:\/\/www.smedemokrati.sk\/\",\"logo\":{\"@type\":\"ImageObject\",\"inLanguage\":\"cs-CZ\",\"@id\":\"https:\/\/www.smedemokrati.sk\/#\/schema\/logo\/image\/\",\"url\":\"https:\/\/www.smedemokrati.sk\/wp-content\/uploads\/2023\/04\/ff.002.jpeg\",\"contentUrl\":\"https:\/\/www.smedemokrati.sk\/wp-content\/uploads\/2023\/04\/ff.002.jpeg\",\"width\":640,\"height\":480,\"caption\":\"Smedemokrati.sk\"},\"image\":{\"@id\":\"https:\/\/www.smedemokrati.sk\/#\/schema\/logo\/image\/\"},\"sameAs\":[\"https:\/\/www.facebook.com\/smedemokrati2023\"]}]}<\/script>\n<!-- \/ Yoast SEO plugin. -->","yoast_head_json":{"title":"Programov\u00e9 piliere na\u0161ej politiky - Smedemokrati.sk","robots":{"index":"index","follow":"follow","max-snippet":"max-snippet:-1","max-image-preview":"max-image-preview:large","max-video-preview":"max-video-preview:-1"},"canonical":"https:\/\/www.smedemokrati.sk\/cs\/programove-piliere-nasej-politiky\/","og_locale":"cs_CZ","og_type":"article","og_title":"Programov\u00e9 piliere na\u0161ej politiky - Smedemokrati.sk","og_description":"Tvorbu volebn\u00e9ho programu ch\u00e1peme ako jednu zo z\u00e1kladn\u00fdch \u00faloh politickej strany. Volebn\u00fd program definuje politick\u00e9 a&nbsp;legislat\u00edvne opatrenia, pre realiz\u00e1ciu ktor\u00fdch sa uch\u00e1dzame o&nbsp;podporu voli\u010dov, o&nbsp;va\u0161u podporu. V tomto zmysle program ch\u00e1peme tie\u017e ako formu zmluvy. Pri zva\u017eovan\u00ed \u00fa\u010dasti vo vl\u00e1de budeme vych\u00e1dza\u0165 z&nbsp;mo\u017enosti presadi\u0165 konkr\u00e9tne programov\u00e9 priority. Na vytvoren\u00ed volebn\u00e9ho programu pre nasleduj\u00face volebn\u00e9 obdobie [&hellip;]","og_url":"https:\/\/www.smedemokrati.sk\/cs\/programove-piliere-nasej-politiky\/","og_site_name":"Smedemokrati.sk","article_publisher":"https:\/\/www.facebook.com\/smedemokrati2023","article_modified_time":"2023-07-25T10:24:24+00:00","og_image":[{"width":640,"height":480,"url":"https:\/\/www.smedemokrati.sk\/wp-content\/uploads\/2023\/04\/ff.004.jpeg","type":"image\/jpeg"}],"twitter_card":"summary_large_image","twitter_misc":{"Odhadovan\u00e1 doba \u010dten\u00ed":"6 minut"},"schema":{"@context":"https:\/\/schema.org","@graph":[{"@type":"WebPage","@id":"https:\/\/www.smedemokrati.sk\/programove-piliere-nasej-politiky\/","url":"https:\/\/www.smedemokrati.sk\/programove-piliere-nasej-politiky\/","name":"Programov\u00e9 piliere na\u0161ej politiky - Smedemokrati.sk","isPartOf":{"@id":"https:\/\/www.smedemokrati.sk\/#website"},"datePublished":"2023-04-04T12:38:39+00:00","dateModified":"2023-07-25T10:24:24+00:00","breadcrumb":{"@id":"https:\/\/www.smedemokrati.sk\/programove-piliere-nasej-politiky\/#breadcrumb"},"inLanguage":"cs-CZ","potentialAction":[{"@type":"ReadAction","target":["https:\/\/www.smedemokrati.sk\/programove-piliere-nasej-politiky\/"]}]},{"@type":"BreadcrumbList","@id":"https:\/\/www.smedemokrati.sk\/programove-piliere-nasej-politiky\/#breadcrumb","itemListElement":[{"@type":"ListItem","position":1,"name":"Domovsk\u00e1 str\u00e1nka","item":"https:\/\/www.smedemokrati.sk\/"},{"@type":"ListItem","position":2,"name":"Programov\u00e9 piliere na\u0161ej politiky"}]},{"@type":"WebSite","@id":"https:\/\/www.smedemokrati.sk\/#website","url":"https:\/\/www.smedemokrati.sk\/","name":"Smedemokrati.sk","description":"Demokracia a slu\u0161nos\u0165 zv\u00ed\u0165az\u00ed","publisher":{"@id":"https:\/\/www.smedemokrati.sk\/#organization"},"potentialAction":[{"@type":"SearchAction","target":{"@type":"EntryPoint","urlTemplate":"https:\/\/www.smedemokrati.sk\/?s={search_term_string}"},"query-input":{"@type":"PropertyValueSpecification","valueRequired":true,"valueName":"search_term_string"}}],"inLanguage":"cs-CZ"},{"@type":"Organization","@id":"https:\/\/www.smedemokrati.sk\/#organization","name":"Smedemokrati.sk","url":"https:\/\/www.smedemokrati.sk\/","logo":{"@type":"ImageObject","inLanguage":"cs-CZ","@id":"https:\/\/www.smedemokrati.sk\/#\/schema\/logo\/image\/","url":"https:\/\/www.smedemokrati.sk\/wp-content\/uploads\/2023\/04\/ff.002.jpeg","contentUrl":"https:\/\/www.smedemokrati.sk\/wp-content\/uploads\/2023\/04\/ff.002.jpeg","width":640,"height":480,"caption":"Smedemokrati.sk"},"image":{"@id":"https:\/\/www.smedemokrati.sk\/#\/schema\/logo\/image\/"},"sameAs":["https:\/\/www.facebook.com\/smedemokrati2023"]}]}},"_links":{"self":[{"href":"https:\/\/www.smedemokrati.sk\/cs\/wp-json\/wp\/v2\/pages\/236","targetHints":{"allow":["GET"]}}],"collection":[{"href":"https:\/\/www.smedemokrati.sk\/cs\/wp-json\/wp\/v2\/pages"}],"about":[{"href":"https:\/\/www.smedemokrati.sk\/cs\/wp-json\/wp\/v2\/types\/page"}],"author":[{"embeddable":true,"href":"https:\/\/www.smedemokrati.sk\/cs\/wp-json\/wp\/v2\/users\/1"}],"replies":[{"embeddable":true,"href":"https:\/\/www.smedemokrati.sk\/cs\/wp-json\/wp\/v2\/comments?post=236"}],"version-history":[{"count":3,"href":"https:\/\/www.smedemokrati.sk\/cs\/wp-json\/wp\/v2\/pages\/236\/revisions"}],"predecessor-version":[{"id":1576,"href":"https:\/\/www.smedemokrati.sk\/cs\/wp-json\/wp\/v2\/pages\/236\/revisions\/1576"}],"wp:attachment":[{"href":"https:\/\/www.smedemokrati.sk\/cs\/wp-json\/wp\/v2\/media?parent=236"}],"curies":[{"name":"wp","href":"https:\/\/api.w.org\/{rel}","templated":true}]}}